{"id":143,"date":"2026-02-26T14:57:45","date_gmt":"2026-02-26T14:57:45","guid":{"rendered":"https:\/\/bentnielson.dk\/?page_id=143"},"modified":"2026-02-26T15:06:21","modified_gmt":"2026-02-26T15:06:21","slug":"ordstyrer-moderator-temadag","status":"publish","type":"page","link":"https:\/\/bentnielson.dk\/index.php\/ordstyrer-moderator-temadag\/","title":{"rendered":"Ordstyrer-Moderator-Temadag"},"content":{"rendered":"<h2 data-path-to-node=\"2\">Fra vision til virkelighed \u2013 skab retning gennem dialog<\/h2>\n<p data-path-to-node=\"3\">En konference eller en temadag er mere end blot punkter p\u00e5 en dagsorden. Det er her, strategier bliver levende, og organisationens v\u00e6rdier skal st\u00e5 deres pr\u00f8ve i det f\u00e6lles rum. St\u00e5r din organisation over for at skulle rulle en ny strategi ud, eller har I brug for at revitalisere jeres mission og vision? Har I brug for en ordstyrer, der ikke blot leder ordet, men ogs\u00e5 faciliterer den sv\u00e6re samtale, s\u00e5 den skaber reel v\u00e6rdi?<\/p>\n<p data-path-to-node=\"4\">Jeg tilbyder rollen som moderator og konferencier, hvor jeg sikrer, at jeres komplekse emner bliver gjort n\u00e6rv\u00e6rende og handlingsorienterede. Min tilgang bygger p\u00e5 et solidt fundament af:<\/p>\n<ul data-path-to-node=\"5\">\n<li>\n<p data-path-to-node=\"5,0,0\"><b data-path-to-node=\"5,0,0\" data-index-in-node=\"0\">Dyb indsigt i organisationsudvikling og ledelse<\/b> opn\u00e5et gennem 15 \u00e5rs erfaring med ledelsesunderst\u00f8ttelse p\u00e5 alle niveauer.<\/p>\n<\/li>\n<li>\n<p data-path-to-node=\"5,1,0\"><b data-path-to-node=\"5,1,0\" data-index-in-node=\"0\">En evne til at bygge bro<\/b> mellem abstrakte begreber som v\u00e6rdigrundlag og den praktiske hverdag, jeres medarbejdere og ledere navigerer i.<\/p>\n<\/li>\n<li>\n<p data-path-to-node=\"5,2,0\"><b data-path-to-node=\"5,2,0\" data-index-in-node=\"0\">Faglig facilitering<\/b>, der tr\u00e6kker p\u00e5 omfattende teoretisk viden og oms\u00e6tter den til konkrete greb, deltagerne kan tage med hjem.<\/p>\n<\/li>\n<\/ul>\n<p data-path-to-node=\"6\">Som ordstyrer er min fornemmeste opgave at skabe et trygt og inspirerende rum, hvor dialogen aldrig st\u00e5r stille, men altid bev\u00e6ger sig mod en f\u00e6lles forst\u00e5else. Vi n\u00f8jes ikke med at tale om ledelse og strategi \u2013 vi unders\u00f8ger, hvordan viden og erfaringer bliver til de handlinger, der flytter organisationen.<\/p>\n<p data-path-to-node=\"7\">Vores samarbejde bygger p\u00e5 skarp forberedelse, professionalisme og en f\u00e6lles ambition om at skabe resultater. Lad os tage en uforpligtende snak om, hvordan jeg som moderator kan give jeres n\u00e6ste temadag eller konference den kant og retning, der g\u00f8r en forskel.<\/p>\n<p data-path-to-node=\"7\">Jeg er vandt til at v\u00e6re ordstyrer, moderator og tilrettel\u00e6gger af konferencer og temadage med op mod 800 deltagere. I de seneste \u00e5r har det v\u00e6ret i Odeon (Odense), Odense Congress Center, GASA (Odense) mm.<\/p>\n","protected":false},"excerpt":{"rendered":"<p>Fra vision til virkelighed \u2013 skab retning gennem dialog En konference eller en temadag er mere end blot punkter p\u00e5 en dagsorden. Det er her, strategier bliver levende, og organisationens v\u00e6rdier skal st\u00e5 deres pr\u00f8ve i det f\u00e6lles rum. St\u00e5r din organisation over for at skulle rulle en ny strategi ud, eller har I brug [&hellip;]<\/p>\n","protected":false},"author":1,"featured_media":0,"parent":0,"menu_order":0,"comment_status":"closed","ping_status":"closed","template":"","meta":{"footnotes":""},"class_list":["post-143","page","type-page","status-publish","hentry"],"_links":{"self":[{"href":"https:\/\/bentnielson.dk\/index.php\/wp-json\/wp\/v2\/pages\/143","targetHints":{"allow":["GET"]}}],"collection":[{"href":"https:\/\/bentnielson.dk\/index.php\/wp-json\/wp\/v2\/pages"}],"about":[{"href":"https:\/\/bentnielson.dk\/index.php\/wp-json\/wp\/v2\/types\/page"}],"author":[{"embeddable":true,"href":"https:\/\/bentnielson.dk\/index.php\/wp-json\/wp\/v2\/users\/1"}],"replies":[{"embeddable":true,"href":"https:\/\/bentnielson.dk\/index.php\/wp-json\/wp\/v2\/comments?post=143"}],"version-history":[{"count":4,"href":"https:\/\/bentnielson.dk\/index.php\/wp-json\/wp\/v2\/pages\/143\/revisions"}],"predecessor-version":[{"id":147,"href":"https:\/\/bentnielson.dk\/index.php\/wp-json\/wp\/v2\/pages\/143\/revisions\/147"}],"wp:attachment":[{"href":"https:\/\/bentnielson.dk\/index.php\/wp-json\/wp\/v2\/media?parent=143"}],"curies":[{"name":"wp","href":"https:\/\/api.w.org\/{rel}","templated":true}]}}