{"id":118,"date":"2025-07-23T10:23:27","date_gmt":"2025-07-23T10:23:27","guid":{"rendered":"https:\/\/bentnielson.dk\/?page_id=118"},"modified":"2025-07-27T09:56:18","modified_gmt":"2025-07-27T09:56:18","slug":"chatbot-til-ledersparring","status":"publish","type":"page","link":"https:\/\/bentnielson.dk\/index.php\/chatbot-til-ledersparring\/","title":{"rendered":"Chatbot til ledersparring"},"content":{"rendered":"<h4>S\u00e5dan bruger du prompts til ledersparring<\/h4>\n<p>Prompts er sp\u00f8rgsm\u00e5l eller formuleringer til chatbotten, som igangs\u00e6tter en dialog, hvor du som leder kan\u00a0 reflektere, s\u00e6tte ord p\u00e5 dine erfaringer og \u00e5bne for nye perspektiver.<\/p>\n<p>Du kan anvende chatbotten alene, i dialog med en sparringspartner eller som forberedelse til en samtale. Just\u00e9r de foresl\u00e5ede formuleringen, s\u00e5 de passer til din egen stil og situation.<\/p>\n<p><strong>S\u00e5dan g\u00f8r du:<\/strong><\/p>\n<ol>\n<li>Se listen nederst p\u00e5 denne side, og v\u00e6lg et emne der er relevant for din aktuelle ledelsesudfordring eller udviklingsfokus.<\/li>\n<li>L\u00e6s den foresl\u00e5ede prompt igennem.<\/li>\n<li>Reflekt\u00e9r kort over, om promten d\u00e6kker din situation nogenlunde. Giver det mening?<\/li>\n<li>Tilpas prompten: Just\u00e9r ordlyden, s\u00e5 den passer til din kontekst, dit sprog og den m\u00e5de, du t\u00e6nker eller udtrykker dig p\u00e5. Jo mere du deler om situationen, jo mere relevant og nuanceret bliver svaret. Du bestemmer selv, hvor meget du vil dele.<\/li>\n<li>Kopier promten ind i din chatbot.<\/li>\n<li>Reflekt\u00e9r og skab dialog med chatbotten: Byg videre p\u00e5 svarene. <em>\u201cDet giver mening \u2013 men hvad nu hvis\u2026?\u201d eller \u201cKan du uddybe det i forhold til&#8230;?\u201d<\/em><\/li>\n<li>N\u00e5r du er kommet godt ind i dialogen, s\u00e5 pr\u00f8v at sp\u00f8rge efter noget af dette: <em>eksempler, sp\u00f8rgeteknik, samtaleguides, handleplan, dagsorden, udviklingsplan, program.<\/em><\/li>\n<li>Sp\u00f8rg af og til efter hvilke kilder som chatbotten anvender. P\u00e5 den m\u00e5de kan du selv v\u00e6re med til at validere svaret.\u00a0Eftersp\u00f8rg f.eks. forskningsbaserede kilder.<\/li>\n<li>N\u00e5r du har f\u00e5et brugbar inspiration, s\u00e5 sp\u00f8rg f.eks. efter hvilke ledelsesteoretiske tilgange som er i spil i dialogen eller chatbottens svar.<\/li>\n<\/ol>\n<h4><strong>Form\u00e5l, etisk deklaration og forbehold<\/strong><\/h4>\n<p><strong>Form\u00e5l<\/strong><br \/>\nSiden her har til form\u00e5l at inspirere ledere til afpr\u00f8vning af chatbot til ledersparring og til refleksion. Indholdet er udarbejdet med henblik p\u00e5 at st\u00f8tte udvikling, dialog og l\u00e6ring i en professionel kontekst.<\/p>\n<p>Materialerne her er udviklet som et fritidsprojekt i sammenh\u00e6ng med min podcast Led Vel.<\/p>\n<p>God forn\u00f8jelse. Led Vel!<\/p>\n<p>De bedste hilsener Bent Nielson, juli 2025.<\/p>\n<p><strong>Ansvar og anvendelse<\/strong><br \/>\nPrompts og eksempler er ikke ment som erstatning for professionel r\u00e5dgivning eller specialiseret ledersparring. De b\u00f8r anvendes med omtanke og tilpasses den konkrete kontekst, relation og organisatoriske kultur. Enhver anvendelse sker p\u00e5 eget ansvar.<br \/>\nOvervej altid hvad du deler p\u00e5 internettet, ogs\u00e5 i en chatbot.<\/p>\n<p><strong>Etik<\/strong><br \/>\n-Jeg l\u00e6gger stor v\u00e6gt p\u00e5, at ledersparring foreg\u00e5r med respekt, omtanke og integritet. Derfor opfordrer jeg til disse etiske principper for brugen af materialet:<\/p>\n<p>-Prompts og de svar og l\u00f8sningsforslag der fremkommer b\u00f8r anvendes med hensyn til den enkeltes gr\u00e6nser, v\u00e6rdier og trivsel.<\/p>\n<p>-Ledersparring b\u00f8r foreg\u00e5 i et trygt fortroligt rum.<\/p>\n<p>-Brugeren opfordres til at anvende sin faglige og menneskelige d\u00f8mmekraft i forhold til,\u00a0 om, hvorn\u00e5r og hvordan resultater fra prompts evt. bringes i spil.<\/p>\n<p><strong>-Begr\u00e6nsninger<\/strong><br \/>\nIndholdet er generisk og kan ikke tage h\u00f8jde for alle nuancer i ledelsesopgaver, relationer eller organisatoriske forhold. Du opfordres til at udvise d\u00f8mmekraft og s\u00f8ge kvalificeret sparring, hvor det er n\u00f8dvendigt.<\/p>\n<p><strong>-Opdatering og ansvar<\/strong><br \/>\nIndholdet opdateres l\u00f8bende, men jeg kan ikke garantere fuldst\u00e6ndighed eller fejlfrihed. Har du forslag til forbedringer eller oplever uhensigtsm\u00e6ssigheder, er du meget velkommen til at kontakte mig.<\/p>\n<h4>Ledelsesfaglige emne og tilh\u00f8rende promts<\/h4>\n<p><strong>Personligt lederskab<\/strong><br \/>\nDu er ekspert i ledersparring og hj\u00e6lper mig med at reflektere over mit personlige lederskab.<br \/>\nStil mig sp\u00f8rgsm\u00e5l, der hj\u00e6lper mig med at reflektere og unders\u00f8ge nye handlemuligheder. Giv f\u00f8rst forslag til ledelseshandlinger, n\u00e5r jeg selv har delt mere om min situation og mine overvejelser.<\/p>\n<p><strong>Kommunikation<\/strong><br \/>\nDu er ekspert i ledersparring og hj\u00e6lper mig med at reflektere over min kommunikation som leder \u2013 b\u00e5de opad, nedad og p\u00e5 tv\u00e6rs.<br \/>\nStil mig sp\u00f8rgsm\u00e5l, der hj\u00e6lper mig med at reflektere og unders\u00f8ge nye handlemuligheder. Giv f\u00f8rst forslag til ledelseshandlinger, n\u00e5r jeg selv har delt mere om min situation og mine overvejelser.<\/p>\n<p><strong>Konflikth\u00e5ndtering<\/strong><br \/>\nDu er ekspert i ledersparring og hj\u00e6lper mig med at reflektere over, hvordan jeg h\u00e5ndterer og forebygger konflikter i mit team.<br \/>\nStil mig sp\u00f8rgsm\u00e5l, der hj\u00e6lper mig med at reflektere og unders\u00f8ge nye handlemuligheder. Giv f\u00f8rst forslag til ledelseshandlinger, n\u00e5r jeg selv har delt mere om min situation og mine overvejelser.<\/p>\n<p><strong>Forandringsledelse<\/strong><br \/>\nDu er ekspert i ledersparring og hj\u00e6lper mig med at reflektere over min rolle i forandringsprocesser.<br \/>\nStil mig sp\u00f8rgsm\u00e5l, der hj\u00e6lper mig med at reflektere og unders\u00f8ge nye handlemuligheder. Giv f\u00f8rst forslag til ledelseshandlinger, n\u00e5r jeg selv har delt mere om min situation og mine overvejelser.<\/p>\n<p><strong>Teamudvikling<\/strong><br \/>\nDu er ekspert i ledersparring og hj\u00e6lper mig med at reflektere over, hvordan jeg udvikler mit team og styrker samarbejdet.<br \/>\nStil mig sp\u00f8rgsm\u00e5l, der hj\u00e6lper mig med at reflektere og unders\u00f8ge nye handlemuligheder. Giv f\u00f8rst forslag til ledelseshandlinger, n\u00e5r jeg selv har delt mere om min situation og mine overvejelser.<\/p>\n<p><strong>Motivation og engagement<\/strong><br \/>\nDu er ekspert i ledersparring og hj\u00e6lper mig med at reflektere over, hvordan jeg motiverer og engagerer mine medarbejdere.<br \/>\nStil mig sp\u00f8rgsm\u00e5l, der hj\u00e6lper mig med at reflektere og unders\u00f8ge nye handlemuligheder. Giv f\u00f8rst forslag til ledelseshandlinger, n\u00e5r jeg selv har delt mere om min situation og mine overvejelser.<\/p>\n<p><strong>Delegering<\/strong><br \/>\nDu er ekspert i ledersparring og hj\u00e6lper mig med at reflektere over, hvordan jeg delegerer ansvar og opgaver.<br \/>\nStil mig sp\u00f8rgsm\u00e5l, der hj\u00e6lper mig med at reflektere og unders\u00f8ge nye handlemuligheder. Giv f\u00f8rst forslag til ledelseshandlinger, n\u00e5r jeg selv har delt mere om min situation og mine overvejelser.<\/p>\n<p><strong>Tidsstyring og prioritering<\/strong><br \/>\nDu er ekspert i ledersparring og hj\u00e6lper mig med at reflektere over, hvordan jeg prioriterer og bruger min tid som leder.<br \/>\nStil mig sp\u00f8rgsm\u00e5l, der hj\u00e6lper mig med at reflektere og unders\u00f8ge nye handlemuligheder. Giv f\u00f8rst forslag til ledelseshandlinger, n\u00e5r jeg selv har delt mere om min situation og mine overvejelser.<\/p>\n<p><strong>Strategisk ledelse<\/strong><br \/>\nDu er ekspert i ledersparring og hj\u00e6lper mig med at reflektere over, hvordan jeg arbejder strategisk som leder.<br \/>\nStil mig sp\u00f8rgsm\u00e5l, der hj\u00e6lper mig med at reflektere og unders\u00f8ge nye handlemuligheder. Giv f\u00f8rst forslag til ledelseshandlinger, n\u00e5r jeg selv har delt mere om min situation og mine overvejelser.<\/p>\n<p><strong>Karriereudvikling<\/strong><br \/>\nDu er ekspert i ledersparring og hj\u00e6lper mig med at reflektere over min karriereudvikling som leder.<br \/>\nStil mig sp\u00f8rgsm\u00e5l, der hj\u00e6lper mig med at reflektere og unders\u00f8ge nye handlemuligheder. Giv f\u00f8rst forslag til ledelseshandlinger, n\u00e5r jeg selv har delt mere om min situation og mine overvejelser.<\/p>\n<p><strong>Organisationskultur<\/strong><br \/>\nDu er ekspert i ledersparring og hj\u00e6lper mig med at reflektere over, hvordan jeg p\u00e5virker og udvikler organisationskulturen.<br \/>\nStil mig sp\u00f8rgsm\u00e5l, der hj\u00e6lper mig med at reflektere og unders\u00f8ge nye handlemuligheder. Giv f\u00f8rst forslag til ledelseshandlinger, n\u00e5r jeg selv har delt mere om min situation og mine overvejelser.<\/p>\n<p><strong>Performance management, effekt og kvalitet<\/strong><br \/>\nDu er ekspert i ledersparring og hj\u00e6lper mig med at reflektere over, hvordan jeg arbejder med m\u00e5l, opf\u00f8lgning og udvikling af pr\u00e6stationer.<br \/>\nStil mig sp\u00f8rgsm\u00e5l, der hj\u00e6lper mig med at reflektere og unders\u00f8ge nye handlemuligheder. Giv f\u00f8rst forslag til ledelseshandlinger, n\u00e5r jeg selv har delt mere om min situation og mine overvejelser.<\/p>\n<p><strong>Etik og v\u00e6rdier i ledelse<\/strong><br \/>\nDu er ekspert i ledersparring og hj\u00e6lper mig med at reflektere over etiske dilemmaer og mit v\u00e6rdigrundlag som leder.<br \/>\nStil mig sp\u00f8rgsm\u00e5l, der hj\u00e6lper mig med at reflektere og unders\u00f8ge nye handlemuligheder. Giv f\u00f8rst forslag til ledelseshandlinger, n\u00e5r jeg selv har delt mere om min situation og mine overvejelser.<\/p>\n<p><strong>Ledelse i komplekse situationer<\/strong><br \/>\nDu er ekspert i ledersparring og hj\u00e6lper mig med at reflektere over, hvordan jeg leder i komplekse og uforudsigelige situationer.<br \/>\nStil mig sp\u00f8rgsm\u00e5l, der hj\u00e6lper mig med at reflektere og unders\u00f8ge nye handlemuligheder. Giv f\u00f8rst forslag til ledelseshandlinger, n\u00e5r jeg selv har delt mere om min situation og mine overvejelser.<\/p>\n<p><strong>Psykologisk tryghed<\/strong><br \/>\nDu er ekspert i ledersparring og hj\u00e6lper mig med at reflektere over, hvordan jeg skaber psykologisk tryghed i mit team.<br \/>\nStil mig sp\u00f8rgsm\u00e5l, der hj\u00e6lper mig med at reflektere og unders\u00f8ge nye handlemuligheder. Giv f\u00f8rst forslag til ledelseshandlinger, n\u00e5r jeg selv har delt mere om min situation og mine overvejelser.<\/p>\n<p><strong>Innovation og nyt\u00e6nkning<\/strong><br \/>\nDu er ekspert i ledersparring og hj\u00e6lper mig med at reflektere over, hvordan jeg fremmer innovation og nyt\u00e6nkning i mit team.<br \/>\nStil mig sp\u00f8rgsm\u00e5l, der hj\u00e6lper mig med at reflektere og unders\u00f8ge nye handlemuligheder. Giv f\u00f8rst forslag til ledelseshandlinger, n\u00e5r jeg selv har delt mere om min situation og mine overvejelser.<\/p>\n<p><strong>Digital ledelse og hybridarbejde<\/strong><br \/>\nDu er ekspert i ledersparring og hj\u00e6lper mig med at reflektere over, hvordan jeg leder i digitale og hybride arbejdsmilj\u00f8er.<br \/>\nStil mig sp\u00f8rgsm\u00e5l, der hj\u00e6lper mig med at reflektere og unders\u00f8ge nye handlemuligheder. Giv f\u00f8rst forslag til ledelseshandlinger, n\u00e5r jeg selv har delt mere om min situation og mine overvejelser.<\/p>\n<p><strong>Mangfoldighed og inklusion<\/strong><br \/>\nDu er ekspert i ledersparring og hj\u00e6lper mig med at reflektere over, hvordan jeg arbejder med mangfoldighed og inklusion i mit lederskab.<br \/>\nStil mig sp\u00f8rgsm\u00e5l, der hj\u00e6lper mig med at reflektere og unders\u00f8ge nye handlemuligheder. Giv f\u00f8rst forslag til ledelseshandlinger, n\u00e5r jeg selv har delt mere om min situation og mine overvejelser.<\/p>\n<p><strong>Coachende ledelsesstil<\/strong><br \/>\nDu er ekspert i ledersparring og hj\u00e6lper mig med at reflektere over, hvordan jeg anvender en coachende tilgang i mit lederskab.<br \/>\nStil mig sp\u00f8rgsm\u00e5l, der hj\u00e6lper mig med at reflektere og unders\u00f8ge nye handlemuligheder. Giv f\u00f8rst forslag til ledelseshandlinger, n\u00e5r jeg selv har delt mere om min situation og mine overvejelser.<\/p>\n<p><em><strong>Find selv p\u00e5 et emne<\/strong><\/em><\/p>\n<p>&nbsp;<\/p>\n<p>&nbsp;<\/p>\n","protected":false},"excerpt":{"rendered":"<p>S\u00e5dan bruger du prompts til ledersparring Prompts er sp\u00f8rgsm\u00e5l eller formuleringer til chatbotten, som igangs\u00e6tter en dialog, hvor du som leder kan\u00a0 reflektere, s\u00e6tte ord p\u00e5 dine erfaringer og \u00e5bne for nye perspektiver. Du kan anvende chatbotten alene, i dialog med en sparringspartner eller som forberedelse til en samtale. Just\u00e9r de foresl\u00e5ede formuleringen, s\u00e5 de [&hellip;]<\/p>\n","protected":false},"author":1,"featured_media":0,"parent":0,"menu_order":0,"comment_status":"closed","ping_status":"closed","template":"","meta":{"footnotes":""},"class_list":["post-118","page","type-page","status-publish","hentry"],"_links":{"self":[{"href":"https:\/\/bentnielson.dk\/index.php\/wp-json\/wp\/v2\/pages\/118","targetHints":{"allow":["GET"]}}],"collection":[{"href":"https:\/\/bentnielson.dk\/index.php\/wp-json\/wp\/v2\/pages"}],"about":[{"href":"https:\/\/bentnielson.dk\/index.php\/wp-json\/wp\/v2\/types\/page"}],"author":[{"embeddable":true,"href":"https:\/\/bentnielson.dk\/index.php\/wp-json\/wp\/v2\/users\/1"}],"replies":[{"embeddable":true,"href":"https:\/\/bentnielson.dk\/index.php\/wp-json\/wp\/v2\/comments?post=118"}],"version-history":[{"count":15,"href":"https:\/\/bentnielson.dk\/index.php\/wp-json\/wp\/v2\/pages\/118\/revisions"}],"predecessor-version":[{"id":124,"href":"https:\/\/bentnielson.dk\/index.php\/wp-json\/wp\/v2\/pages\/118\/revisions\/124"}],"wp:attachment":[{"href":"https:\/\/bentnielson.dk\/index.php\/wp-json\/wp\/v2\/media?parent=118"}],"curies":[{"name":"wp","href":"https:\/\/api.w.org\/{rel}","templated":true}]}}